{"id":1537,"date":"2023-08-08T09:35:47","date_gmt":"2023-08-08T09:35:47","guid":{"rendered":"https:\/\/casacalleri.it\/index.php\/a-propos-de-nous\/"},"modified":"2023-09-05T14:59:47","modified_gmt":"2023-09-05T14:59:47","slug":"a-propos-de-nous","status":"publish","type":"page","link":"https:\/\/casacalleri.it\/fr\/a-propos-de-nous\/","title":{"rendered":"\u00c0 propos de nous"},"content":{"rendered":"\t\t<div data-elementor-type=\"wp-page\" data-elementor-id=\"1537\" class=\"elementor elementor-1537 elementor-204\" data-elementor-post-type=\"page\">\n\t\t\t\t\t\t<section class=\"elementor-section elementor-top-section elementor-element elementor-element-84cf186 elementor-section-full_width elementor-section-height-min-height elementor-section-height-default elementor-section-items-middle\" data-id=\"84cf186\" data-element_type=\"section\" data-settings=\"{&quot;background_background&quot;:&quot;slideshow&quot;,&quot;background_slideshow_gallery&quot;:[{&quot;id&quot;:371,&quot;url&quot;:&quot;https:\\\/\\\/casacalleri.it\\\/wp-content\\\/uploads\\\/2023\\\/08\\\/monviso-21.jpg&quot;},{&quot;id&quot;:292,&quot;url&quot;:&quot;https:\\\/\\\/casacalleri.it\\\/wp-content\\\/uploads\\\/2023\\\/08\\\/IMG_1308.jpg&quot;},{&quot;id&quot;:275,&quot;url&quot;:&quot;https:\\\/\\\/casacalleri.it\\\/wp-content\\\/uploads\\\/2023\\\/08\\\/DJI_0143-rotated.jpg&quot;},{&quot;id&quot;:271,&quot;url&quot;:&quot;https:\\\/\\\/casacalleri.it\\\/wp-content\\\/uploads\\\/2023\\\/08\\\/DJI_0133.jpg&quot;}],&quot;background_slideshow_lazyload&quot;:&quot;yes&quot;,&quot;background_slideshow_ken_burns&quot;:&quot;yes&quot;,&quot;background_slideshow_loop&quot;:&quot;yes&quot;,&quot;background_slideshow_slide_duration&quot;:5000,&quot;background_slideshow_slide_transition&quot;:&quot;fade&quot;,&quot;background_slideshow_transition_duration&quot;:500,&quot;background_slideshow_ken_burns_zoom_direction&quot;:&quot;in&quot;}\">\n\t\t\t\t\t\t\t<div class=\"elementor-background-overlay\"><\/div>\n\t\t\t\t\t\t\t<div class=\"elementor-container elementor-column-gap-default\">\n\t\t\t\t\t<div class=\"elementor-column elementor-col-100 elementor-top-column elementor-element elementor-element-711d043\" data-id=\"711d043\" data-element_type=\"column\">\n\t\t\t<div class=\"elementor-widget-wrap elementor-element-populated\">\n\t\t\t\t\t\t<div class=\"elementor-element elementor-element-353216b elementor-invisible elementor-widget elementor-widget-heading\" data-id=\"353216b\" data-element_type=\"widget\" data-settings=\"{&quot;motion_fx_motion_fx_scrolling&quot;:&quot;yes&quot;,&quot;motion_fx_scale_effect&quot;:&quot;yes&quot;,&quot;motion_fx_scale_direction&quot;:&quot;in-out&quot;,&quot;motion_fx_devices&quot;:[&quot;desktop&quot;,&quot;tablet&quot;],&quot;_animation&quot;:&quot;fadeIn&quot;,&quot;_animation_delay&quot;:500,&quot;motion_fx_scale_speed&quot;:{&quot;unit&quot;:&quot;px&quot;,&quot;size&quot;:4,&quot;sizes&quot;:[]},&quot;motion_fx_scale_range&quot;:{&quot;unit&quot;:&quot;%&quot;,&quot;size&quot;:&quot;&quot;,&quot;sizes&quot;:{&quot;start&quot;:20,&quot;end&quot;:80}}}\" data-widget_type=\"heading.default\">\n\t\t\t\t<div class=\"elementor-widget-container\">\n\t\t\t<h2 class=\"elementor-heading-title elementor-size-default\">\u00c0 propos de nous<\/h2>\t\t<\/div>\n\t\t\t\t<\/div>\n\t\t\t\t<div class=\"elementor-element elementor-element-f042c54 elementor-align-center elementor-mobile-align-center elementor-invisible elementor-widget elementor-widget-button\" data-id=\"f042c54\" data-element_type=\"widget\" data-settings=\"{&quot;_animation&quot;:&quot;fadeIn&quot;,&quot;_animation_delay&quot;:1000}\" data-widget_type=\"button.default\">\n\t\t\t\t<div class=\"elementor-widget-container\">\n\t\t\t\t\t<div class=\"elementor-button-wrapper\">\n\t\t\t<a class=\"elementor-button elementor-button-link elementor-size-sm elementor-animation-grow\" href=\"https:\/\/casacalleri.it\/fr\/?page_id=1488\">\n\t\t\t\t\t\t<span class=\"elementor-button-content-wrapper\">\n\t\t\t\t\t\t\t\t\t<span class=\"elementor-button-text\">CONTACTEZ-NOUS<\/span>\n\t\t\t\t\t<\/span>\n\t\t\t\t\t<\/a>\n\t\t<\/div>\n\t\t\t\t<\/div>\n\t\t\t\t<\/div>\n\t\t\t\t\t<\/div>\n\t\t<\/div>\n\t\t\t\t\t<\/div>\n\t\t<\/section>\n\t\t\t\t<section class=\"elementor-section elementor-top-section elementor-element elementor-element-0172c8b elementor-section-full_width elementor-section-height-default elementor-section-height-default\" data-id=\"0172c8b\" data-element_type=\"section\">\n\t\t\t\t\t\t<div class=\"elementor-container elementor-column-gap-default\">\n\t\t\t\t\t<div class=\"elementor-column elementor-col-50 elementor-top-column elementor-element elementor-element-cfbc530\" data-id=\"cfbc530\" data-element_type=\"column\">\n\t\t\t<div class=\"elementor-widget-wrap elementor-element-populated\">\n\t\t\t\t\t\t<section class=\"elementor-section elementor-inner-section elementor-element elementor-element-31ce160 elementor-section-boxed elementor-section-height-default elementor-section-height-default\" data-id=\"31ce160\" data-element_type=\"section\">\n\t\t\t\t\t\t<div class=\"elementor-container elementor-column-gap-default\">\n\t\t\t\t\t<div class=\"elementor-column elementor-col-50 elementor-inner-column elementor-element elementor-element-e421b43\" data-id=\"e421b43\" data-element_type=\"column\">\n\t\t\t<div class=\"elementor-widget-wrap elementor-element-populated\">\n\t\t\t\t\t\t<div class=\"elementor-element elementor-element-b8c8772 elementor-invisible elementor-widget elementor-widget-image\" data-id=\"b8c8772\" data-element_type=\"widget\" data-settings=\"{&quot;_animation&quot;:&quot;fadeIn&quot;}\" data-widget_type=\"image.default\">\n\t\t\t\t<div class=\"elementor-widget-container\">\n\t\t\t\t\t\t\t\t\t\t\t\t\t<img fetchpriority=\"high\" decoding=\"async\" width=\"1512\" height=\"2016\" src=\"https:\/\/casacalleri.it\/wp-content\/uploads\/2023\/08\/monviso-14-rotated.jpg\" class=\"elementor-animation-grow attachment-full size-full wp-image-364\" alt=\"\" srcset=\"https:\/\/casacalleri.it\/wp-content\/uploads\/2023\/08\/monviso-14-rotated.jpg 1512w, https:\/\/casacalleri.it\/wp-content\/uploads\/2023\/08\/monviso-14-225x300.jpg 225w, https:\/\/casacalleri.it\/wp-content\/uploads\/2023\/08\/monviso-14-768x1024.jpg 768w, https:\/\/casacalleri.it\/wp-content\/uploads\/2023\/08\/monviso-14-1152x1536.jpg 1152w\" sizes=\"(max-width: 1512px) 100vw, 1512px\" \/>\t\t\t\t\t\t\t\t\t\t\t\t\t<\/div>\n\t\t\t\t<\/div>\n\t\t\t\t\t<\/div>\n\t\t<\/div>\n\t\t\t\t<div class=\"elementor-column elementor-col-50 elementor-inner-column elementor-element elementor-element-0a6bf90\" data-id=\"0a6bf90\" data-element_type=\"column\">\n\t\t\t<div class=\"elementor-widget-wrap elementor-element-populated\">\n\t\t\t\t\t\t<div class=\"elementor-element elementor-element-181461d elementor-invisible elementor-widget elementor-widget-image\" data-id=\"181461d\" data-element_type=\"widget\" data-settings=\"{&quot;_animation&quot;:&quot;fadeIn&quot;}\" data-widget_type=\"image.default\">\n\t\t\t\t<div class=\"elementor-widget-container\">\n\t\t\t\t\t\t\t\t\t\t\t\t\t<img decoding=\"async\" width=\"1666\" height=\"2499\" src=\"https:\/\/casacalleri.it\/wp-content\/uploads\/2023\/08\/casa_calleri_colazione_2.jpg\" class=\"elementor-animation-grow attachment-full size-full wp-image-263\" alt=\"\" srcset=\"https:\/\/casacalleri.it\/wp-content\/uploads\/2023\/08\/casa_calleri_colazione_2.jpg 1666w, https:\/\/casacalleri.it\/wp-content\/uploads\/2023\/08\/casa_calleri_colazione_2-200x300.jpg 200w, https:\/\/casacalleri.it\/wp-content\/uploads\/2023\/08\/casa_calleri_colazione_2-683x1024.jpg 683w, https:\/\/casacalleri.it\/wp-content\/uploads\/2023\/08\/casa_calleri_colazione_2-768x1152.jpg 768w, https:\/\/casacalleri.it\/wp-content\/uploads\/2023\/08\/casa_calleri_colazione_2-1024x1536.jpg 1024w, https:\/\/casacalleri.it\/wp-content\/uploads\/2023\/08\/casa_calleri_colazione_2-1365x2048.jpg 1365w\" sizes=\"(max-width: 1666px) 100vw, 1666px\" \/>\t\t\t\t\t\t\t\t\t\t\t\t\t<\/div>\n\t\t\t\t<\/div>\n\t\t\t\t\t<\/div>\n\t\t<\/div>\n\t\t\t\t\t<\/div>\n\t\t<\/section>\n\t\t\t\t\t<\/div>\n\t\t<\/div>\n\t\t\t\t<div class=\"elementor-column elementor-col-50 elementor-top-column elementor-element elementor-element-fdfcf04\" data-id=\"fdfcf04\" data-element_type=\"column\">\n\t\t\t<div class=\"elementor-widget-wrap elementor-element-populated\">\n\t\t\t\t\t\t<div class=\"elementor-element elementor-element-4e940bd elementor-invisible elementor-widget elementor-widget-heading\" data-id=\"4e940bd\" data-element_type=\"widget\" data-settings=\"{&quot;_animation&quot;:&quot;fadeInRight&quot;}\" data-widget_type=\"heading.default\">\n\t\t\t\t<div class=\"elementor-widget-container\">\n\t\t\t<h3 class=\"elementor-heading-title elementor-size-default\">QUI SOMMES-NOUS ?<\/h3>\t\t<\/div>\n\t\t\t\t<\/div>\n\t\t\t\t<div class=\"elementor-element elementor-element-c4347e9 elementor-invisible elementor-widget elementor-widget-heading\" data-id=\"c4347e9\" data-element_type=\"widget\" data-settings=\"{&quot;_animation&quot;:&quot;fadeInRight&quot;,&quot;_animation_delay&quot;:500}\" data-widget_type=\"heading.default\">\n\t\t\t\t<div class=\"elementor-widget-container\">\n\t\t\t<h2 class=\"elementor-heading-title elementor-size-default\">Casa Calleri Bed &amp; Breakfast<\/h2>\t\t<\/div>\n\t\t\t\t<\/div>\n\t\t\t\t<div class=\"elementor-element elementor-element-a45d4c7 elementor-invisible elementor-widget elementor-widget-text-editor\" data-id=\"a45d4c7\" data-element_type=\"widget\" data-settings=\"{&quot;_animation&quot;:&quot;fadeInRight&quot;,&quot;_animation_delay&quot;:1000}\" data-widget_type=\"text-editor.default\">\n\t\t\t\t<div class=\"elementor-widget-container\">\n\t\t\t\t\t\t\t<p>Un r\u00eave qui a dur\u00e9 des ann\u00e9es, puis l&#8217;emplacement id\u00e9al, un projet et enfin la r\u00e9alisation.<\/p>\n<p>Casa Calleri, c&rsquo;est tout cela !!!<\/p>\n<p>Notre b&amp;b est situ\u00e9 dans le village de Briaglia, une petite commune de 300 habitants au c\u0153ur des Langhe Monregalesi, \u00e0 quelques kilom\u00e8tres de Mondov\u00ec, \u00e0 proximit\u00e9 de la mer, des montagnes et des Langhe.<\/p>\n<p>La Casa Calleri est une ferme du XVIIe si\u00e8cle enti\u00e8rement restaur\u00e9e. C&rsquo;est l&rsquo;endroit id\u00e9al pour s\u00e9journer dans la paix et la tranquillit\u00e9, envelopp\u00e9 par le parfum du bois des poutres restaur\u00e9es.<\/p>\n<p>Notre maison de vacances se compose de 3 chambres et de 5 logements, finement meubl\u00e9s avec une vue imprenable sur les Alpes et les Langhe.<\/p>\n<p>La salle de petit-d\u00e9jeuner, situ\u00e9e dans la partie la plus ancienne de la maison, est l&rsquo;endroit id\u00e9al pour d\u00e9guster de d\u00e9licieux plats sucr\u00e9s et sal\u00e9s, tous pr\u00e9par\u00e9s avec des ingr\u00e9dients locaux.<\/p>\n\t\t\t\t\t\t<\/div>\n\t\t\t\t<\/div>\n\t\t\t\t<div class=\"elementor-element elementor-element-5e26e4a elementor-align-left elementor-mobile-align-center elementor-invisible elementor-widget elementor-widget-button\" data-id=\"5e26e4a\" data-element_type=\"widget\" data-settings=\"{&quot;_animation&quot;:&quot;fadeInRight&quot;,&quot;_animation_delay&quot;:2000}\" data-widget_type=\"button.default\">\n\t\t\t\t<div class=\"elementor-widget-container\">\n\t\t\t\t\t<div class=\"elementor-button-wrapper\">\n\t\t\t<a class=\"elementor-button elementor-button-link elementor-size-sm elementor-animation-grow\" href=\"https:\/\/casacalleri.it\/fr\/?page_id=1488\">\n\t\t\t\t\t\t<span class=\"elementor-button-content-wrapper\">\n\t\t\t\t\t\t\t\t\t<span class=\"elementor-button-text\">Contactez nous<\/span>\n\t\t\t\t\t<\/span>\n\t\t\t\t\t<\/a>\n\t\t<\/div>\n\t\t\t\t<\/div>\n\t\t\t\t<\/div>\n\t\t\t\t\t<\/div>\n\t\t<\/div>\n\t\t\t\t\t<\/div>\n\t\t<\/section>\n\t\t\t\t<\/div>\n\t\t","protected":false},"excerpt":{"rendered":"<p>\u00c0 propos de nous CONTACTEZ-NOUS QUI SOMMES-NOUS ? Casa Calleri Bed &amp; Breakfast Un r\u00eave qui a dur\u00e9 des ann\u00e9es, puis l&#8217;emplacement id\u00e9al, un projet et enfin la r\u00e9alisation. Casa Calleri, c&rsquo;est tout cela !!! Notre b&amp;b est situ\u00e9 dans le village de Briaglia, une petite commune de 300 habitants au c\u0153ur des Langhe Monregalesi, [&hellip;]<\/p>\n","protected":false},"author":1,"featured_media":0,"parent":0,"menu_order":0,"comment_status":"closed","ping_status":"closed","template":"elementor_header_footer","meta":{"footnotes":""},"class_list":["post-1537","page","type-page","status-publish","hentry"],"yoast_head":"<!-- This site is optimized with the Yoast SEO plugin v23.6 - https:\/\/yoast.com\/wordpress\/plugins\/seo\/ -->\n<title>\u00c0 propos de nous - Casa Calleri<\/title>\n<meta name=\"robots\" content=\"index, follow, max-snippet:-1, max-image-preview:large, max-video-preview:-1\" \/>\n<link rel=\"canonical\" href=\"https:\/\/casacalleri.it\/fr\/a-propos-de-nous\/\" \/>\n<meta property=\"og:locale\" content=\"fr_FR\" \/>\n<meta property=\"og:type\" content=\"article\" \/>\n<meta property=\"og:title\" content=\"\u00c0 propos de nous - Casa Calleri\" \/>\n<meta property=\"og:description\" content=\"\u00c0 propos de nous CONTACTEZ-NOUS QUI SOMMES-NOUS ? Casa Calleri Bed &amp; Breakfast Un r\u00eave qui a dur\u00e9 des ann\u00e9es, puis l&#8217;emplacement id\u00e9al, un projet et enfin la r\u00e9alisation. Casa Calleri, c&rsquo;est tout cela !!! Notre b&amp;b est situ\u00e9 dans le village de Briaglia, une petite commune de 300 habitants au c\u0153ur des Langhe Monregalesi, [&hellip;]\" \/>\n<meta property=\"og:url\" content=\"https:\/\/casacalleri.it\/fr\/a-propos-de-nous\/\" \/>\n<meta property=\"og:site_name\" content=\"Casa Calleri\" \/>\n<meta property=\"article:modified_time\" content=\"2023-09-05T14:59:47+00:00\" \/>\n<meta property=\"og:image\" content=\"https:\/\/casacalleri.it\/wp-content\/uploads\/2023\/08\/monviso-14-rotated.jpg\" \/>\n\t<meta property=\"og:image:width\" content=\"1512\" \/>\n\t<meta property=\"og:image:height\" content=\"2016\" \/>\n\t<meta property=\"og:image:type\" content=\"image\/jpeg\" \/>\n<meta name=\"twitter:card\" content=\"summary_large_image\" \/>\n<meta name=\"twitter:label1\" content=\"Dur\u00e9e de lecture estim\u00e9e\" \/>\n\t<meta name=\"twitter:data1\" content=\"1 minute\" \/>\n<script type=\"application\/ld+json\" class=\"yoast-schema-graph\">{\"@context\":\"https:\/\/schema.org\",\"@graph\":[{\"@type\":\"WebPage\",\"@id\":\"https:\/\/casacalleri.it\/fr\/a-propos-de-nous\/\",\"url\":\"https:\/\/casacalleri.it\/fr\/a-propos-de-nous\/\",\"name\":\"\u00c0 propos de nous - Casa Calleri\",\"isPartOf\":{\"@id\":\"https:\/\/casacalleri.it\/fr\/#website\"},\"primaryImageOfPage\":{\"@id\":\"https:\/\/casacalleri.it\/fr\/a-propos-de-nous\/#primaryimage\"},\"image\":{\"@id\":\"https:\/\/casacalleri.it\/fr\/a-propos-de-nous\/#primaryimage\"},\"thumbnailUrl\":\"https:\/\/casacalleri.it\/wp-content\/uploads\/2023\/08\/monviso-14-rotated.jpg\",\"datePublished\":\"2023-08-08T09:35:47+00:00\",\"dateModified\":\"2023-09-05T14:59:47+00:00\",\"breadcrumb\":{\"@id\":\"https:\/\/casacalleri.it\/fr\/a-propos-de-nous\/#breadcrumb\"},\"inLanguage\":\"fr-FR\",\"potentialAction\":[{\"@type\":\"ReadAction\",\"target\":[\"https:\/\/casacalleri.it\/fr\/a-propos-de-nous\/\"]}]},{\"@type\":\"ImageObject\",\"inLanguage\":\"fr-FR\",\"@id\":\"https:\/\/casacalleri.it\/fr\/a-propos-de-nous\/#primaryimage\",\"url\":\"https:\/\/casacalleri.it\/wp-content\/uploads\/2023\/08\/monviso-14-rotated.jpg\",\"contentUrl\":\"https:\/\/casacalleri.it\/wp-content\/uploads\/2023\/08\/monviso-14-rotated.jpg\"},{\"@type\":\"BreadcrumbList\",\"@id\":\"https:\/\/casacalleri.it\/fr\/a-propos-de-nous\/#breadcrumb\",\"itemListElement\":[{\"@type\":\"ListItem\",\"position\":1,\"name\":\"Home\",\"item\":\"https:\/\/casacalleri.it\/\"},{\"@type\":\"ListItem\",\"position\":2,\"name\":\"\u00c0 propos de nous\"}]},{\"@type\":\"WebSite\",\"@id\":\"https:\/\/casacalleri.it\/fr\/#website\",\"url\":\"https:\/\/casacalleri.it\/fr\/\",\"name\":\"Casa Calleri\",\"description\":\"Un&#039;oasi di relax e comfort, dove i sogni diventano realt\u00e0!\",\"publisher\":{\"@id\":\"https:\/\/casacalleri.it\/fr\/#organization\"},\"potentialAction\":[{\"@type\":\"SearchAction\",\"target\":{\"@type\":\"EntryPoint\",\"urlTemplate\":\"https:\/\/casacalleri.it\/fr\/?s={search_term_string}\"},\"query-input\":{\"@type\":\"PropertyValueSpecification\",\"valueRequired\":true,\"valueName\":\"search_term_string\"}}],\"inLanguage\":\"fr-FR\"},{\"@type\":\"Organization\",\"@id\":\"https:\/\/casacalleri.it\/fr\/#organization\",\"name\":\"Casa Calleri\",\"url\":\"https:\/\/casacalleri.it\/fr\/\",\"logo\":{\"@type\":\"ImageObject\",\"inLanguage\":\"fr-FR\",\"@id\":\"https:\/\/casacalleri.it\/fr\/#\/schema\/logo\/image\/\",\"url\":\"https:\/\/casacalleri.it\/wp-content\/uploads\/2023\/07\/cropped-logo_casa_Calleri.png\",\"contentUrl\":\"https:\/\/casacalleri.it\/wp-content\/uploads\/2023\/07\/cropped-logo_casa_Calleri.png\",\"width\":426,\"height\":462,\"caption\":\"Casa Calleri\"},\"image\":{\"@id\":\"https:\/\/casacalleri.it\/fr\/#\/schema\/logo\/image\/\"}}]}<\/script>\n<!-- \/ Yoast SEO plugin. -->","yoast_head_json":{"title":"\u00c0 propos de nous - Casa Calleri","robots":{"index":"index","follow":"follow","max-snippet":"max-snippet:-1","max-image-preview":"max-image-preview:large","max-video-preview":"max-video-preview:-1"},"canonical":"https:\/\/casacalleri.it\/fr\/a-propos-de-nous\/","og_locale":"fr_FR","og_type":"article","og_title":"\u00c0 propos de nous - Casa Calleri","og_description":"\u00c0 propos de nous CONTACTEZ-NOUS QUI SOMMES-NOUS ? Casa Calleri Bed &amp; Breakfast Un r\u00eave qui a dur\u00e9 des ann\u00e9es, puis l&#8217;emplacement id\u00e9al, un projet et enfin la r\u00e9alisation. Casa Calleri, c&rsquo;est tout cela !!! Notre b&amp;b est situ\u00e9 dans le village de Briaglia, une petite commune de 300 habitants au c\u0153ur des Langhe Monregalesi, [&hellip;]","og_url":"https:\/\/casacalleri.it\/fr\/a-propos-de-nous\/","og_site_name":"Casa Calleri","article_modified_time":"2023-09-05T14:59:47+00:00","og_image":[{"width":1512,"height":2016,"url":"https:\/\/casacalleri.it\/wp-content\/uploads\/2023\/08\/monviso-14-rotated.jpg","type":"image\/jpeg"}],"twitter_card":"summary_large_image","twitter_misc":{"Dur\u00e9e de lecture estim\u00e9e":"1 minute"},"schema":{"@context":"https:\/\/schema.org","@graph":[{"@type":"WebPage","@id":"https:\/\/casacalleri.it\/fr\/a-propos-de-nous\/","url":"https:\/\/casacalleri.it\/fr\/a-propos-de-nous\/","name":"\u00c0 propos de nous - Casa Calleri","isPartOf":{"@id":"https:\/\/casacalleri.it\/fr\/#website"},"primaryImageOfPage":{"@id":"https:\/\/casacalleri.it\/fr\/a-propos-de-nous\/#primaryimage"},"image":{"@id":"https:\/\/casacalleri.it\/fr\/a-propos-de-nous\/#primaryimage"},"thumbnailUrl":"https:\/\/casacalleri.it\/wp-content\/uploads\/2023\/08\/monviso-14-rotated.jpg","datePublished":"2023-08-08T09:35:47+00:00","dateModified":"2023-09-05T14:59:47+00:00","breadcrumb":{"@id":"https:\/\/casacalleri.it\/fr\/a-propos-de-nous\/#breadcrumb"},"inLanguage":"fr-FR","potentialAction":[{"@type":"ReadAction","target":["https:\/\/casacalleri.it\/fr\/a-propos-de-nous\/"]}]},{"@type":"ImageObject","inLanguage":"fr-FR","@id":"https:\/\/casacalleri.it\/fr\/a-propos-de-nous\/#primaryimage","url":"https:\/\/casacalleri.it\/wp-content\/uploads\/2023\/08\/monviso-14-rotated.jpg","contentUrl":"https:\/\/casacalleri.it\/wp-content\/uploads\/2023\/08\/monviso-14-rotated.jpg"},{"@type":"BreadcrumbList","@id":"https:\/\/casacalleri.it\/fr\/a-propos-de-nous\/#breadcrumb","itemListElement":[{"@type":"ListItem","position":1,"name":"Home","item":"https:\/\/casacalleri.it\/"},{"@type":"ListItem","position":2,"name":"\u00c0 propos de nous"}]},{"@type":"WebSite","@id":"https:\/\/casacalleri.it\/fr\/#website","url":"https:\/\/casacalleri.it\/fr\/","name":"Casa Calleri","description":"Un&#039;oasi di relax e comfort, dove i sogni diventano realt\u00e0!","publisher":{"@id":"https:\/\/casacalleri.it\/fr\/#organization"},"potentialAction":[{"@type":"SearchAction","target":{"@type":"EntryPoint","urlTemplate":"https:\/\/casacalleri.it\/fr\/?s={search_term_string}"},"query-input":{"@type":"PropertyValueSpecification","valueRequired":true,"valueName":"search_term_string"}}],"inLanguage":"fr-FR"},{"@type":"Organization","@id":"https:\/\/casacalleri.it\/fr\/#organization","name":"Casa Calleri","url":"https:\/\/casacalleri.it\/fr\/","logo":{"@type":"ImageObject","inLanguage":"fr-FR","@id":"https:\/\/casacalleri.it\/fr\/#\/schema\/logo\/image\/","url":"https:\/\/casacalleri.it\/wp-content\/uploads\/2023\/07\/cropped-logo_casa_Calleri.png","contentUrl":"https:\/\/casacalleri.it\/wp-content\/uploads\/2023\/07\/cropped-logo_casa_Calleri.png","width":426,"height":462,"caption":"Casa Calleri"},"image":{"@id":"https:\/\/casacalleri.it\/fr\/#\/schema\/logo\/image\/"}}]}},"_links":{"self":[{"href":"https:\/\/casacalleri.it\/fr\/wp-json\/wp\/v2\/pages\/1537"}],"collection":[{"href":"https:\/\/casacalleri.it\/fr\/wp-json\/wp\/v2\/pages"}],"about":[{"href":"https:\/\/casacalleri.it\/fr\/wp-json\/wp\/v2\/types\/page"}],"author":[{"embeddable":true,"href":"https:\/\/casacalleri.it\/fr\/wp-json\/wp\/v2\/users\/1"}],"replies":[{"embeddable":true,"href":"https:\/\/casacalleri.it\/fr\/wp-json\/wp\/v2\/comments?post=1537"}],"version-history":[{"count":2,"href":"https:\/\/casacalleri.it\/fr\/wp-json\/wp\/v2\/pages\/1537\/revisions"}],"predecessor-version":[{"id":1546,"href":"https:\/\/casacalleri.it\/fr\/wp-json\/wp\/v2\/pages\/1537\/revisions\/1546"}],"wp:attachment":[{"href":"https:\/\/casacalleri.it\/fr\/wp-json\/wp\/v2\/media?parent=1537"}],"curies":[{"name":"wp","href":"https:\/\/api.w.org\/{rel}","templated":true}]}}